{"id":3282,"date":"2023-09-13T10:40:03","date_gmt":"2023-09-13T15:40:03","guid":{"rendered":"https:\/\/palmira.gov.co\/planeacion\/?page_id=3282"},"modified":"2023-09-13T10:40:14","modified_gmt":"2023-09-13T15:40:14","slug":"galeria-cmot","status":"publish","type":"page","link":"https:\/\/palmira.gov.co\/planeacion\/galeria-cmot\/","title":{"rendered":"Galer\u00eda CMOT"},"content":{"rendered":"\n<div style=\"height:30px\" aria-hidden=\"true\" class=\"wp-block-spacer\"><\/div>\n\n\n\n<h1 class=\"wp-block-heading has-text-align-center\">Galer\u00eda Comisi\u00f3n Municipal de Orientaci\u00f3n Territorial (CMOT) <\/h1>\n\n\n\n<div style=\"height:30px\" aria-hidden=\"true\" class=\"wp-block-spacer\"><\/div>\n\n\n\n<figure class=\"wp-block-gallery has-nested-images columns-default is-cropped wp-block-gallery-1 is-layout-flex wp-block-gallery-is-layout-flex\">\n<figure class=\"wp-block-image size-large\"><a class=\"foobox\" href=\"https:\/\/palmira.gov.co\/planeacion\/wp-content\/uploads\/2023\/08\/CMOT_1-1024x724.png\" rel=\"gallery\"><img fetchpriority=\"high\" decoding=\"async\" width=\"1024\" height=\"724\" data-id=\"3287\" src=\"https:\/\/palmira.gov.co\/planeacion\/wp-content\/uploads\/2023\/08\/CMOT_1-1024x724.png\" alt=\"\" class=\"wp-image-3287\" srcset=\"https:\/\/palmira.gov.co\/planeacion\/wp-content\/uploads\/2023\/08\/CMOT_1-1024x724.png 1024w, https:\/\/palmira.gov.co\/planeacion\/wp-content\/uploads\/2023\/08\/CMOT_1-300x212.png 300w, https:\/\/palmira.gov.co\/planeacion\/wp-content\/uploads\/2023\/08\/CMOT_1-768x543.png 768w, https:\/\/palmira.gov.co\/planeacion\/wp-content\/uploads\/2023\/08\/CMOT_1-1536x1086.png 1536w, https:\/\/palmira.gov.co\/planeacion\/wp-content\/uploads\/2023\/08\/CMOT_1-2048x1449.png 2048w\" sizes=\"(max-width: 1024px) 100vw, 1024px\" \/><\/a><\/figure>\n\n\n\n<figure class=\"wp-block-image size-large\"><a class=\"foobox\" href=\"https:\/\/palmira.gov.co\/planeacion\/wp-content\/uploads\/2023\/08\/CMOT_2-1024x725.png\" rel=\"gallery\"><img decoding=\"async\" width=\"1024\" height=\"725\" data-id=\"3286\" src=\"https:\/\/palmira.gov.co\/planeacion\/wp-content\/uploads\/2023\/08\/CMOT_2-1024x725.png\" alt=\"\" class=\"wp-image-3286\" srcset=\"https:\/\/palmira.gov.co\/planeacion\/wp-content\/uploads\/2023\/08\/CMOT_2-1024x725.png 1024w, https:\/\/palmira.gov.co\/planeacion\/wp-content\/uploads\/2023\/08\/CMOT_2-300x212.png 300w, https:\/\/palmira.gov.co\/planeacion\/wp-content\/uploads\/2023\/08\/CMOT_2-768x543.png 768w, https:\/\/palmira.gov.co\/planeacion\/wp-content\/uploads\/2023\/08\/CMOT_2-1536x1087.png 1536w, https:\/\/palmira.gov.co\/planeacion\/wp-content\/uploads\/2023\/08\/CMOT_2-2048x1449.png 2048w\" sizes=\"(max-width: 1024px) 100vw, 1024px\" \/><\/a><\/figure>\n\n\n\n<figure class=\"wp-block-image size-large\"><a class=\"foobox\" href=\"https:\/\/palmira.gov.co\/planeacion\/wp-content\/uploads\/2023\/08\/CMOT_3-1024x724.png\" rel=\"gallery\"><img decoding=\"async\" width=\"1024\" height=\"724\" data-id=\"3288\" src=\"https:\/\/palmira.gov.co\/planeacion\/wp-content\/uploads\/2023\/08\/CMOT_3-1024x724.png\" alt=\"\" class=\"wp-image-3288\" srcset=\"https:\/\/palmira.gov.co\/planeacion\/wp-content\/uploads\/2023\/08\/CMOT_3-1024x724.png 1024w, https:\/\/palmira.gov.co\/planeacion\/wp-content\/uploads\/2023\/08\/CMOT_3-300x212.png 300w, https:\/\/palmira.gov.co\/planeacion\/wp-content\/uploads\/2023\/08\/CMOT_3-768x543.png 768w, https:\/\/palmira.gov.co\/planeacion\/wp-content\/uploads\/2023\/08\/CMOT_3-1536x1086.png 1536w, https:\/\/palmira.gov.co\/planeacion\/wp-content\/uploads\/2023\/08\/CMOT_3-2048x1449.png 2048w\" sizes=\"(max-width: 1024px) 100vw, 1024px\" \/><\/a><\/figure>\n\n\n\n<figure class=\"wp-block-image size-large\"><a class=\"foobox\" href=\"https:\/\/palmira.gov.co\/planeacion\/wp-content\/uploads\/2023\/08\/CMOT_4-1024x724.png\" rel=\"gallery\"><img loading=\"lazy\" decoding=\"async\" width=\"1024\" height=\"724\" data-id=\"3285\" src=\"https:\/\/palmira.gov.co\/planeacion\/wp-content\/uploads\/2023\/08\/CMOT_4-1024x724.png\" alt=\"\" class=\"wp-image-3285\" srcset=\"https:\/\/palmira.gov.co\/planeacion\/wp-content\/uploads\/2023\/08\/CMOT_4-1024x724.png 1024w, https:\/\/palmira.gov.co\/planeacion\/wp-content\/uploads\/2023\/08\/CMOT_4-300x212.png 300w, https:\/\/palmira.gov.co\/planeacion\/wp-content\/uploads\/2023\/08\/CMOT_4-768x543.png 768w, https:\/\/palmira.gov.co\/planeacion\/wp-content\/uploads\/2023\/08\/CMOT_4-1536x1086.png 1536w, https:\/\/palmira.gov.co\/planeacion\/wp-content\/uploads\/2023\/08\/CMOT_4-2048x1449.png 2048w\" sizes=\"(max-width: 1024px) 100vw, 1024px\" \/><\/a><\/figure>\n\n\n\n<figure class=\"wp-block-image size-large\"><a class=\"foobox\" href=\"https:\/\/palmira.gov.co\/planeacion\/wp-content\/uploads\/2023\/08\/CMOT_5-1024x724.png\" rel=\"gallery\"><img loading=\"lazy\" decoding=\"async\" width=\"1024\" height=\"724\" data-id=\"3283\" src=\"https:\/\/palmira.gov.co\/planeacion\/wp-content\/uploads\/2023\/08\/CMOT_5-1024x724.png\" alt=\"\" class=\"wp-image-3283\" srcset=\"https:\/\/palmira.gov.co\/planeacion\/wp-content\/uploads\/2023\/08\/CMOT_5-1024x724.png 1024w, https:\/\/palmira.gov.co\/planeacion\/wp-content\/uploads\/2023\/08\/CMOT_5-300x212.png 300w, https:\/\/palmira.gov.co\/planeacion\/wp-content\/uploads\/2023\/08\/CMOT_5-768x543.png 768w, https:\/\/palmira.gov.co\/planeacion\/wp-content\/uploads\/2023\/08\/CMOT_5-1536x1086.png 1536w, https:\/\/palmira.gov.co\/planeacion\/wp-content\/uploads\/2023\/08\/CMOT_5-2048x1449.png 2048w\" sizes=\"(max-width: 1024px) 100vw, 1024px\" \/><\/a><\/figure>\n\n\n\n<figure class=\"wp-block-image size-large\"><a class=\"foobox\" href=\"https:\/\/palmira.gov.co\/planeacion\/wp-content\/uploads\/2023\/08\/CMOT_6-1024x724.png\" rel=\"gallery\"><img loading=\"lazy\" decoding=\"async\" width=\"1024\" height=\"724\" data-id=\"3284\" src=\"https:\/\/palmira.gov.co\/planeacion\/wp-content\/uploads\/2023\/08\/CMOT_6-1024x724.png\" alt=\"\" class=\"wp-image-3284\" srcset=\"https:\/\/palmira.gov.co\/planeacion\/wp-content\/uploads\/2023\/08\/CMOT_6-1024x724.png 1024w, https:\/\/palmira.gov.co\/planeacion\/wp-content\/uploads\/2023\/08\/CMOT_6-300x212.png 300w, https:\/\/palmira.gov.co\/planeacion\/wp-content\/uploads\/2023\/08\/CMOT_6-768x543.png 768w, https:\/\/palmira.gov.co\/planeacion\/wp-content\/uploads\/2023\/08\/CMOT_6-1536x1086.png 1536w, https:\/\/palmira.gov.co\/planeacion\/wp-content\/uploads\/2023\/08\/CMOT_6-2048x1449.png 2048w\" sizes=\"(max-width: 1024px) 100vw, 1024px\" \/><\/a><\/figure>\n\n\n\n<figure class=\"wp-block-image size-large\"><a class=\"foobox\" href=\"https:\/\/palmira.gov.co\/planeacion\/wp-content\/uploads\/2023\/08\/CMOT_7-1024x724.png\" rel=\"gallery\"><img loading=\"lazy\" decoding=\"async\" width=\"1024\" height=\"724\" data-id=\"3289\" src=\"https:\/\/palmira.gov.co\/planeacion\/wp-content\/uploads\/2023\/08\/CMOT_7-1024x724.png\" alt=\"\" class=\"wp-image-3289\" srcset=\"https:\/\/palmira.gov.co\/planeacion\/wp-content\/uploads\/2023\/08\/CMOT_7-1024x724.png 1024w, https:\/\/palmira.gov.co\/planeacion\/wp-content\/uploads\/2023\/08\/CMOT_7-300x212.png 300w, https:\/\/palmira.gov.co\/planeacion\/wp-content\/uploads\/2023\/08\/CMOT_7-768x543.png 768w, https:\/\/palmira.gov.co\/planeacion\/wp-content\/uploads\/2023\/08\/CMOT_7-1536x1086.png 1536w, https:\/\/palmira.gov.co\/planeacion\/wp-content\/uploads\/2023\/08\/CMOT_7-2048x1448.png 2048w\" sizes=\"(max-width: 1024px) 100vw, 1024px\" \/><\/a><\/figure>\n\n\n\n<figure class=\"wp-block-image size-large\"><a class=\"foobox\" href=\"https:\/\/palmira.gov.co\/planeacion\/wp-content\/uploads\/2023\/08\/CMOT_8-1024x724.png\" rel=\"gallery\"><img loading=\"lazy\" decoding=\"async\" width=\"1024\" height=\"724\" data-id=\"3290\" src=\"https:\/\/palmira.gov.co\/planeacion\/wp-content\/uploads\/2023\/08\/CMOT_8-1024x724.png\" alt=\"\" class=\"wp-image-3290\" srcset=\"https:\/\/palmira.gov.co\/planeacion\/wp-content\/uploads\/2023\/08\/CMOT_8-1024x724.png 1024w, https:\/\/palmira.gov.co\/planeacion\/wp-content\/uploads\/2023\/08\/CMOT_8-300x212.png 300w, https:\/\/palmira.gov.co\/planeacion\/wp-content\/uploads\/2023\/08\/CMOT_8-768x543.png 768w, https:\/\/palmira.gov.co\/planeacion\/wp-content\/uploads\/2023\/08\/CMOT_8-1536x1086.png 1536w, https:\/\/palmira.gov.co\/planeacion\/wp-content\/uploads\/2023\/08\/CMOT_8-2048x1448.png 2048w\" sizes=\"(max-width: 1024px) 100vw, 1024px\" \/><\/a><\/figure>\n<\/figure>\n","protected":false},"excerpt":{"rendered":"<p>Galer\u00eda Comisi\u00f3n Municipal de Orientaci\u00f3n Territorial (CMOT)<\/p>\n","protected":false},"author":8,"featured_media":0,"parent":0,"menu_order":0,"comment_status":"closed","ping_status":"closed","template":"","meta":{"_uag_custom_page_level_css":"","footnotes":""},"class_list":["post-3282","page","type-page","status-publish","hentry"],"uagb_featured_image_src":{"full":false,"thumbnail":false,"medium":false,"medium_large":false,"large":false,"1536x1536":false,"2048x2048":false},"uagb_author_info":{"display_name":"Adriana Tofi\u00f1o","author_link":"https:\/\/palmira.gov.co\/planeacion\/author\/adrianatofino\/"},"uagb_comment_info":0,"uagb_excerpt":"Galer\u00eda Comisi\u00f3n Municipal de Orientaci\u00f3n Territorial (CMOT)","_links":{"self":[{"href":"https:\/\/palmira.gov.co\/planeacion\/wp-json\/wp\/v2\/pages\/3282","targetHints":{"allow":["GET"]}}],"collection":[{"href":"https:\/\/palmira.gov.co\/planeacion\/wp-json\/wp\/v2\/pages"}],"about":[{"href":"https:\/\/palmira.gov.co\/planeacion\/wp-json\/wp\/v2\/types\/page"}],"author":[{"embeddable":true,"href":"https:\/\/palmira.gov.co\/planeacion\/wp-json\/wp\/v2\/users\/8"}],"replies":[{"embeddable":true,"href":"https:\/\/palmira.gov.co\/planeacion\/wp-json\/wp\/v2\/comments?post=3282"}],"version-history":[{"count":2,"href":"https:\/\/palmira.gov.co\/planeacion\/wp-json\/wp\/v2\/pages\/3282\/revisions"}],"predecessor-version":[{"id":3361,"href":"https:\/\/palmira.gov.co\/planeacion\/wp-json\/wp\/v2\/pages\/3282\/revisions\/3361"}],"wp:attachment":[{"href":"https:\/\/palmira.gov.co\/planeacion\/wp-json\/wp\/v2\/media?parent=3282"}],"curies":[{"name":"wp","href":"https:\/\/api.w.org\/{rel}","templated":true}]}}