{"id":4411,"date":"2023-10-23T17:39:32","date_gmt":"2023-10-23T22:39:32","guid":{"rendered":"https:\/\/palmira.gov.co\/planeacion\/?page_id=4411"},"modified":"2025-12-11T01:19:38","modified_gmt":"2025-12-11T06:19:38","slug":"politicas-institucionales","status":"publish","type":"page","link":"https:\/\/palmira.gov.co\/planeacion\/politicas-institucionales\/","title":{"rendered":"POLITICAS INSTITUCIONALES"},"content":{"rendered":"\n<div class=\"wp-block-columns row full-width is-layout-flex wp-container-core-columns-is-layout-9d6595d7 wp-block-columns-is-layout-flex\" id=\"carousel\">\n<div class=\"wp-block-column carousel slide is-layout-flow wp-block-column-is-layout-flow\" id=\"carouselExampleControls\">\n<div class=\"wp-block-columns carousel-inner is-layout-flex wp-container-core-columns-is-layout-9d6595d7 wp-block-columns-is-layout-flex\" id=\"carousel-inner\">\n<div class=\"wp-block-column carousel-item active is-layout-flow wp-block-column-is-layout-flow\">\n<figure class=\"wp-block-image size-large\"><img decoding=\"async\" src=\"https:\/\/palmira.gov.co\/planeacion\/wp-content\/uploads\/2025\/12\/banner_Mesa-de-trabajo-1-3-scaled.jpg\" alt=\"\"\/><\/figure>\n<\/div>\n\n\n\n<div class=\"wp-block-column carousel-item is-layout-flow wp-block-column-is-layout-flow\">\n<figure class=\"wp-block-image size-large size-full\"><img decoding=\"async\" src=\"https:\/\/palmira.gov.co\/planeacion\/wp-content\/uploads\/2025\/12\/banner_Mesa-de-trabajo-1-3-scaled.jpg\" alt=\"\"\/><\/figure>\n<\/div>\n<\/div>\n\n\n\n<button class=\"carousel-control-prev\" type=\"button\" data-bs-target=\"#carouselExampleControls\" data-bs-slide=\"prev\">\n                            <span class=\"carousel-control-prev-icon\" aria-hidden=\"true\"><\/span>\n                            <span class=\"visually-hidden\">Previous<\/span>\n                            <\/button>\n                            <button class=\"carousel-control-next\" type=\"button\" data-bs-target=\"#carouselExampleControls\" data-bs-slide=\"next\">\n                            <span class=\"carousel-control-next-icon\" aria-hidden=\"true\"><\/span>\n                            <span class=\"visually-hidden\">Next<\/span>\n                            <\/button>\n                            <script>\n                                var element = document.getElementById(\"carousel-inner\");\n                                var classList = element.classList;\n                                while (classList.length > 0) {\n                                classList.remove(classList.item(0));\n                                }\n                            <\/script>\n<\/div>\n<\/div>\n\n\n\n<div style=\"height:30px\" aria-hidden=\"true\" class=\"wp-block-spacer\"><\/div>\n\n\n\n<h1 class=\"wp-block-heading has-text-align-center\">Pol\u00edticas Institucionales<\/h1>\n\n\n\n<div style=\"height:30px\" aria-hidden=\"true\" class=\"wp-block-spacer\"><\/div>\n\n\n\n<div class=\"wp-block-columns is-layout-flex wp-container-core-columns-is-layout-9d6595d7 wp-block-columns-is-layout-flex\">\n<div class=\"wp-block-column is-layout-flow wp-block-column-is-layout-flow\">\n<p>Las pol\u00edticas institucionales se conciben como los lineamientos que guiar\u00e1n la gesti\u00f3n de la administraci\u00f3n municipal del Palmira, Valle del Cauca. Estas est\u00e1n articuladas con los procesos sistem\u00e1ticos de implementaci\u00f3n y materializaci\u00f3n de los objetivos contenidos en los planes de largo, mediano y corto plazo, y se constituyen en una herramienta para el control de la gesti\u00f3n municipal.<\/p>\n<\/div>\n<\/div>\n\n\n\n<div style=\"height:0px\" aria-hidden=\"true\" class=\"wp-block-spacer\"><\/div>\n\n\n\n<div class=\"wp-block-columns is-layout-flex wp-container-core-columns-is-layout-9d6595d7 wp-block-columns-is-layout-flex\">\n<div class=\"wp-block-column is-layout-flow wp-block-column-is-layout-flow\">\n<div class=\"wp-block-columns is-layout-flex wp-container-core-columns-is-layout-9d6595d7 wp-block-columns-is-layout-flex\">\n<div class=\"wp-block-column is-layout-flow wp-block-column-is-layout-flow\">\n<div class=\"wp-block-columns is-layout-flex wp-container-core-columns-is-layout-9d6595d7 wp-block-columns-is-layout-flex\">\n<div class=\"wp-block-column is-layout-flow wp-block-column-is-layout-flow\">\n<figure class=\"wp-block-image size-full\"><img fetchpriority=\"high\" decoding=\"async\" width=\"598\" height=\"598\" src=\"https:\/\/palmira.gov.co\/planeacion\/wp-content\/uploads\/2023\/09\/22.jpg\" alt=\"\" class=\"wp-image-3602\" srcset=\"https:\/\/palmira.gov.co\/planeacion\/wp-content\/uploads\/2023\/09\/22.jpg 598w, https:\/\/palmira.gov.co\/planeacion\/wp-content\/uploads\/2023\/09\/22-300x300.jpg 300w, https:\/\/palmira.gov.co\/planeacion\/wp-content\/uploads\/2023\/09\/22-150x150.jpg 150w\" sizes=\"(max-width: 598px) 100vw, 598px\" \/><\/figure>\n<\/div>\n\n\n\n<div class=\"wp-block-column is-layout-flow wp-block-column-is-layout-flow\"><p>La calidad institucional y la eficiencia son dos elementos b\u00e1sicos sobre los que se debe asentar el buen gobierno mediante el fortalecimiento y modernizaci\u00f3n de todos los procesos de la gesti\u00f3n, la capacitaci\u00f3n, el fomento de la acci\u00f3n ciudadana, mediante mecanismos que permitan desarrollar estrategias de participaci\u00f3n, fiscalizaci\u00f3n y control en la toma de decisiones. A dem\u00e1s la promoci\u00f3n al desarrollo empresarial mediante la simplificaci\u00f3n de tr\u00e1mites y el mantenimiento de un clima favorable a los negocios, principalmente en la formaci\u00f3n de capital humano, log\u00edstica, conectividad e informaci\u00f3n. El desarrollo institucional se apoya en un Sistema de Gesti\u00f3n de Talento Humano basado en competencias, que garantice los m\u00e1s altos niveles de calidad en la ejecuci\u00f3n de los procesos principales de la actividad institucional, priorizando la \u00e9tica e integridad, orientaci\u00f3n por los resultados, trabajo en equipo, orientaci\u00f3n al cliente interno y externo y la calidad del trabajo<\/p>\n<\/div>\n<\/div>\n<\/div>\n<\/div>\n<\/div>\n<\/div>\n\n\n\n<div class=\"wp-block-columns is-layout-flex wp-container-core-columns-is-layout-9d6595d7 wp-block-columns-is-layout-flex\">\n<div class=\"wp-block-column is-layout-flow wp-block-column-is-layout-flow\">\n<!-- Librerias AngularJs -->\n<script src=\"https:\/\/ajax.googleapis.com\/ajax\/libs\/angularjs\/1.6.9\/angular.min.js\"><\/script>\n<script src=\"https:\/\/morgul.github.io\/ui-bootstrap4\/ui-bootstrap-tpls-3.0.6.min.js\"><\/script>\n<div id=\"app2\">\n    <div>&nbsp;<\/div>  <div>&nbsp;<\/div>\n        <h3 class=\"center\">Documentos de Inter\u00e9s<\/h3>\n        <div>&nbsp;<\/div>\n        <div ng-controller=\"myCtrl2\">\n            <div class=\"accordion\" id=\"accordionExample\">\n                <div class=\"accordion-item\" ng-repeat=\"itemCategoria in data2| filter:filtro | startFrom:(currentPage-1)*pageSize | limitTo:pageSize \">\n                    <h2 class=\"accordion-header\" id=\"heading{{$index}}\">\n                        <button class=\"accordion-button collapsed\" type=\"button\" data-bs-toggle=\"collapse\" data-bs-target=\"#collapse{{$index}}\" aria-expanded=\"true\" aria-controls=\"collapse{{$index}}\">\n                            {{itemCategoria.Categoria}}\n                        <\/button>\n                    <\/h2>\n                    <div id=\"collapse{{$index}}\" class=\"accordion-collapse collapse\" aria-labelledby=\"heading{{$index}}\" data-bs-parent=\"#accordionExample\">\n                        <div class=\"accordion-body\">\n                             <!-- Inicio tabla documentos-->                                 \n                            <div class=\"input-group justify-content-end\">\n                                <div class=\"form-outline\">\n                                    <input type=\"search\" ng-model=\"filtro\" class=\"form-control\" placeholder=\"Buscar documento\">\n                                <\/div>\n                                <div class=\"input-group-append\">\n                                    <button class=\"btn btn-primary\" type=\"button\">\n                                    <i class=\"fa fa-search\">\n                                        <svg xmlns=\"http:\/\/www.w3.org\/2000\/svg\" width=\"20\" height=\"24\" viewBox=\"0 0 27.064 27.296\">\n                                            <defs>\n                                                <style>\n                                                    .a {\n                                                        fill: #fff;\n                                                        stroke: #fff;\n                                                        stroke-width: 1.9px;\n                                                    }\n                                                <\/style>\n                                            <\/defs>\n                                            <path class=\"a\" d=\"M52.752,50.313,46.26,43.821a9.89,9.89,0,1,0-2.449,2.45L50.3,52.762a1.732,1.732,0,1,0,2.449-2.449ZM28.917,38.175a9.247,9.247,0,1,1,9.247,9.247A9.247,9.247,0,0,1,28.917,38.175ZM52.308,52.318a1.106,1.106,0,0,1-1.562,0L44.318,45.89a9.945,9.945,0,0,0,1.562-1.562l6.428,6.428a1.106,1.106,0,0,1,0,1.562Z\" transform=\"translate(-27.309 -27.32)\"><\/path>\n                                        <\/svg>\n                                    <\/i>\n                                    <\/button>\n                                <\/div>\n                            <\/div>                      \n                            <table class=\"table table-striped table-bordered table-responsive\">\n                                <thead class=\"thead-light\">\n                                    <tr class=\"success\">\n                                        <th style=\"width: 50%;\">\n                                            Nombre\n                                        <\/th>\n                                        <th>\n                                            Tipo\n                                        <\/th>\n                                        <!-- <th>\n                                            Fecha\n                                        <\/th>\n                                        <th style=\"width: 30%;\">\n                                            Descripci\u00f3n\n                                        <\/th> -->\n                                        <th style=\"width: 10%;\">\n                                            Descargar\n                                        <\/th>\n                                    <\/tr>\n                                <\/thead>\n                                <tbody>\n                                    <tr ng-repeat=\"item in itemCategoria.children | filter:filtro | startFrom:(currentPage-1)*pageSize | limitTo:pageSize \">\n                                        <td>\n                                            {{item.NombreArchivo}}\n                                        <\/td>\n                                        <td>\n                                            {{item.Tipo}}\n                                        <\/td>\n                                        <!-- <td>\n                                            {{item.Fecha}}\n                                        <\/td>\n                                        <td>\n                                            {{item.Descripcion}}\n                                        <\/td> -->\n                                        <td class=\"text-center\" ng-if=\"item['NombreArchivo']\">\n                                            <a href=\"\/planeacion\/wp-content\/uploads\/20231023PoliticasPlanes\/{{item['NombreArchivo']}}\" target=\"_blank\" class=\"text-center\" ng-show=\"item['NombreArchivo']\" rel=\"noopener\">\u200b\n                                                <svg xmlns=\"http:\/\/www.w3.org\/2000\/svg\" width=\"16\" height=\"16\" fill=\"var(--bs-secondary)\" class=\"bi bi-download text-center\" viewBox=\"0 0 16 16\">\n                                                    <path d=\"M.5 9.9a.5.5 0 0 1 .5.5v2.5a1 1 0 0 0 1 1h12a1 1 0 0 0 1-1v-2.5a.5.5 0 0 1 1 0v2.5a2 2 0 0 1-2 2H2a2 2 0 0 1-2-2v-2.5a.5.5 0 0 1 .5-.5z\"><\/path>\n                                                    <path d=\"M7.646 11.854a.5.5 0 0 0 .708 0l3-3a.5.5 0 0 0-.708-.708L8.5 10.293V1.5a.5.5 0 0 0-1 0v8.793L5.354 8.146a.5.5 0 1 0-.708.708l3 3z\"><\/path>\n                                                    <\/svg>\n                                            <\/a>\n                                        <\/td>\n                                        <td class=\"center\" ng-if=\"item['url']\">\n                                            <a href=\"{{item['url']}}\" target=\"_blank\" class=\"texto-naranja\" ng-show=\"item['url']\" rel=\"noopener\">\u200b\n                                                <svg xmlns=\"http:\/\/www.w3.org\/2000\/svg\" width=\"16\" height=\"16\" fill=\"var(--bs-secondary)\" class=\"bi bi-download text-center\" viewBox=\"0 0 16 16\">\n                                                    <path d=\"M.5 9.9a.5.5 0 0 1 .5.5v2.5a1 1 0 0 0 1 1h12a1 1 0 0 0 1-1v-2.5a.5.5 0 0 1 1 0v2.5a2 2 0 0 1-2 2H2a2 2 0 0 1-2-2v-2.5a.5.5 0 0 1 .5-.5z\"><\/path>\n                                                    <path d=\"M7.646 11.854a.5.5 0 0 0 .708 0l3-3a.5.5 0 0 0-.708-.708L8.5 10.293V1.5a.5.5 0 0 0-1 0v8.793L5.354 8.146a.5.5 0 1 0-.708.708l3 3z\"><\/path>\n                                                    <\/svg>\n                                            <\/a>\n                                        <\/td>\n                                    <\/tr>\n                                <\/tbody>\n                            <\/table>\n                            <div class=\"panel-footer\">\n                                <ul uib-pagination=\"\" boundary-links=\"true\" total-items=\"itemCategoria.children.length\" ng-model=\"currentPage\" class=\"pagination-sm border\" items-per-page=\"pageSize\" previous-text=\"\u2039\" next-text=\"\u203a\" first-text=\"\u00ab\" last-text=\"\u00bb\"><\/ul>\n                            <\/div>                    \n                            <!--fin tabla dpcumentos-->\n                        <\/div>\n                    <\/div>\n                <\/div>\n            <\/div>\n        <\/div>\n    <\/div>\n    <script>\n    \n        \/\/ documentos\n        var app2 = angular.module('app2', ['ui.bootstrap']);\n    \n        app2.filter('startFrom', function () {\n            return function (input, start) {\n                start = +start; \/\/parse to int\n                return input.slice(start);\n            }\n        });\n    \n        app2.controller('myCtrl2',  ['$scope', 'orderByFilter', function($scope, orderBy) {\n               $scope.currentPage = 1;\n        $scope.pageSize = 8;\n\n        $scope.numberOfPages = function () {\n            return Math.ceil($scope.data.length \/ $scope.pageSize);\n        }\n\n        $scope.setPage = function (pageNo) {\n\n            $scope.currentPage = pageNo;\n        };\n    \n            $scope.data2 = [{\"Categoria\":\"Planes Vigentes 2023\",\"Tipo\":\"Documento\",\"NombreArchivo\":\"2 Plan Anual de Adquisiciones.xlsx\",\"T\u00edtulo del archivo\":\"2 Plan Anual de Adquisiciones\"},{\"Categoria\":\"Planes Vigentes 2023\",\"Tipo\":\"Documento\",\"NombreArchivo\":\"7 Plan de Incentivos Institucionales.pdf\",\"T\u00edtulo del archivo\":\"7 Plan de Incentivos Institucionales\"},{\"Categoria\":\"Planes Vigentes 2023\",\"Tipo\":\"Documento\",\"NombreArchivo\":\"9 Plan Anticorrupci\u00f3n y de Atencion al Ciudadano.pdf\",\"T\u00edtulo del archivo\":\"9. Plan Anticorrupcion y de Atenci\u00f3n al Ciudadano\"},{\"Categoria\":\"Planes Vigentes 2023\",\"Tipo\":\"Documento\",\"NombreArchivo\":\"8 Plan de Trabajo Anual en Seguridad y Salud en el Trabajo.pdf\",\"T\u00edtulo del archivo\":\"8. Plan de Trabajo Anual en Seguridad y Salud en el Trabajo\"},{\"Categoria\":\"Planes Vigentes 2023\",\"Tipo\":\"Documento\",\"NombreArchivo\":\"6 Plan Institucional de Capacitacion.pdf\",\"T\u00edtulo del archivo\":\"6 Plan Institucional de Capacitacion\"},{\"Categoria\":\"Planes Vigentes 2023\",\"Tipo\":\"Documento\",\"NombreArchivo\":\"12 Plan de Seguridad y Privacidad de la Informacion.pdf\",\"T\u00edtulo del archivo\":\"12 Plan de Seguridad y Privacidad de la Informacion\"},{\"Categoria\":\"Planes Vigentes 2023\",\"Tipo\":\"Documento\",\"NombreArchivo\":\"11 Plan de Tratamiento de Riesgos de Seguridad y Privacidad de la Informacion.pdf\",\"T\u00edtulo del archivo\":\"11 Plan de Tratamiento de Riesgos de Seguridad y Privacidad de la Informaci\u00f3n\"},{\"Categoria\":\"Planes Vigentes 2023\",\"Tipo\":\"Documento\",\"NombreArchivo\":\"10 Plan Estrategico de Tecnologias de la Informacion y las Comunicaciones PETI.pdf\",\"T\u00edtulo del archivo\":\"10 Plan Estrategico de Tecnologias de la Informacion y las Comunicaciones PETI\"},{\"Categoria\":\"Planes Vigentes 2023\",\"Tipo\":\"Documento\",\"NombreArchivo\":\"5 Plan Estrategico de Talento Humano.pdf\",\"T\u00edtulo del archivo\":\"5. Plan Estrat\u00e9gico de Talento Humano\"},{\"Categoria\":\"Planes Vigentes 2023\",\"Tipo\":\"Documento\",\"NombreArchivo\":\"4 Plan de Prevision de Recursos Humanos.pdf\",\"T\u00edtulo del archivo\":\"4. Plan de Previsi\u00f3n de Recursos Humanos\"},{\"Categoria\":\"Planes Vigentes 2023\",\"Tipo\":\"Documento\",\"NombreArchivo\":\"3 Plan Anual de Vacantes.pdf\",\"T\u00edtulo del archivo\":\"3. Plan Anual de Vacantes\"},{\"Categoria\":\"Planes Vigentes 2023\",\"Tipo\":\"Documento\",\"NombreArchivo\":\"1 Plan Institucional de Archivos de la Entidad PINAR.pdf\",\"T\u00edtulo del archivo\":\"1. Plan Institucional de Archivos de la Entidad PINAR\"},{\"Categoria\":\"Planes Vigentes 2023\",\"Tipo\":\"Documento\",\"NombreArchivo\":\"Integracion de los Planes Institucionales y Estrategicos Articulados al Plan de Accion 2023.pdf\",\"T\u00edtulo del archivo\":\"Integracion de los Planes Institucionales y Estrategicos Articulados al Plan de Accion 2023\"},{\"Categoria\":\"Politicas y planes Institucionales\",\"Tipo\":\"Documento\",\"NombreArchivo\":\"Resolucion 087 del 2019 Politica de Administracion del Riesgo.pdf\",\"T\u00edtulo del archivo\":\"Resolucion 087 del 2019 Politica de Administracion del Riesgo\"},{\"Categoria\":\"Politicas y planes Institucionales\",\"Tipo\":\"Documento\",\"NombreArchivo\":\"Resolucion 029 d e 2023 Politica de Gestion Documental.pdf\",\"T\u00edtulo del archivo\":\"Resolucion 029 d e 2023 Politica de Gestion Documental\"},{\"Categoria\":\"Politicas y planes Institucionales\",\"Tipo\":\"Documento\",\"NombreArchivo\":\"Resolucion 032 del 2023 Politica de Seguridad y Salud en el Trabajo.pdf\",\"T\u00edtulo del archivo\":\"Resolucion 032 del 2023 Politica de Seguridad y Salud en el Trabajo\"},{\"Categoria\":\"Politicas y planes Institucionales\",\"Tipo\":\"Documento\",\"NombreArchivo\":\"Resolucion 009 del 2022 Politica Institucional de Prevencion de Dano Antijuridico.pdf\",\"T\u00edtulo del archivo\":\"Resolucion 009 del 2022 Politica Institucional de Prevencion de Dano Antijuridico\"}];\n    \n            $scope.sortBy = function(propertyName) {\n               for (var i = 0; i <2; i++) {\n                   $scope.data2[i].children = orderBy($scope.data2[i].children, $scope.propertyName, true);\n                }\n                $scope.data2 = Object.values($scope.data2);\n            };\n\n            const res2 = Array.from(\n                $scope.data2.reduce((a, { Categoria, ...rest }) => {\n                    return a.set(Categoria, [rest].concat(a.get(Categoria) || []));\n                }, new Map())\n            ).map(([Categoria, children]) => ({ Categoria, children }));\n            $scope.data2 = res2;\n            \/\/ $scope.sortBy('Consecutivo');\n\n\n            \n    \n    \n        }]);\n        angular.element(document).ready(function() {\n          angular.bootstrap(document.getElementById('app2'), ['app2']);\n        });   \n    \n    <\/script>\n<\/div>\n<\/div>\n\n\n\n<h2 class=\"wp-block-heading has-text-align-center\">Redes sociales<\/h2>\n\n\n\n<p class=\"has-text-align-center\">Mantente al d\u00eda con todos los hechos de inter\u00e9s a trav\u00e9s de nuestras redes sociales y comun\u00edcate con<br>nosotros por medio de los diferentes canales disponibles<\/p>\n\n\n\n<div class=\"wp-block-columns is-layout-flex wp-container-core-columns-is-layout-9d6595d7 wp-block-columns-is-layout-flex\" id=\"social-media\">\n<div class=\"wp-block-column is-layout-flow wp-block-column-is-layout-flow\"><\/div>\n\n\n\n<div class=\"wp-block-column shadow rounded-sm-all h-65 is-layout-flow wp-block-column-is-layout-flow\" style=\"flex-basis:400px\">\n<div class=\"wp-block-columns px-4 is-not-stacked-on-mobile is-layout-flex wp-container-core-columns-is-layout-9d6595d7 wp-block-columns-is-layout-flex\">\n<div class=\"wp-block-column red-social is-layout-flow wp-block-column-is-layout-flow\"><div class=\"wp-block-image red-social\">\n<figure class=\"aligncenter size-large\"><img decoding=\"async\" src=\"https:\/\/palmira.gov.co\/planeacion\/wp-content\/themes\/palmira-theme\/img\/fb.svg\" alt=\"\"\/><\/figure>\n<\/div><\/div>\n\n\n\n<div class=\"wp-block-column red-social is-layout-flow wp-block-column-is-layout-flow\"><div class=\"wp-block-image red-social\">\n<figure class=\"aligncenter size-large\"><img decoding=\"async\" src=\"https:\/\/palmira.gov.co\/planeacion\/wp-content\/themes\/palmira-theme\/img\/tw.svg\" alt=\"\"\/><\/figure>\n<\/div><\/div>\n\n\n\n<div class=\"wp-block-column red-social is-layout-flow wp-block-column-is-layout-flow\"><div class=\"wp-block-image red-social\">\n<figure class=\"aligncenter size-large\"><img decoding=\"async\" src=\"https:\/\/palmira.gov.co\/planeacion\/wp-content\/themes\/palmira-theme\/img\/mg.svg\" alt=\"\"\/><\/figure>\n<\/div><\/div>\n\n\n\n<div class=\"wp-block-column red-social is-layout-flow wp-block-column-is-layout-flow\"><div class=\"wp-block-image red-social\">\n<figure class=\"aligncenter size-large\"><img decoding=\"async\" src=\"https:\/\/palmira.gov.co\/planeacion\/wp-content\/themes\/palmira-theme\/img\/in.svg\" alt=\"\"\/><\/figure>\n<\/div><\/div>\n<\/div>\n<\/div>\n\n\n\n<div class=\"wp-block-column is-layout-flow wp-block-column-is-layout-flow\"><\/div>\n<\/div>\n","protected":false},"excerpt":{"rendered":"<p>Previous Next Pol\u00edticas Institucionales Las pol\u00edticas institucionales se conciben como los lineamientos que guiar\u00e1n la gesti\u00f3n de la administraci\u00f3n municipal del Palmira, Valle del Cauca. Estas est\u00e1n articuladas con los procesos sistem\u00e1ticos de implementaci\u00f3n y materializaci\u00f3n de los objetivos contenidos en los planes de largo, mediano y corto plazo, y se constituyen en una herramienta [&hellip;]<\/p>\n","protected":false},"author":8,"featured_media":0,"parent":0,"menu_order":0,"comment_status":"closed","ping_status":"closed","template":"","meta":{"_uag_custom_page_level_css":"","footnotes":""},"class_list":["post-4411","page","type-page","status-publish","hentry"],"uagb_featured_image_src":{"full":false,"thumbnail":false,"medium":false,"medium_large":false,"large":false,"1536x1536":false,"2048x2048":false},"uagb_author_info":{"display_name":"Adriana Tofi\u00f1o","author_link":"https:\/\/palmira.gov.co\/planeacion\/author\/adrianatofino\/"},"uagb_comment_info":0,"uagb_excerpt":"Previous Next Pol\u00edticas Institucionales Las pol\u00edticas institucionales se conciben como los lineamientos que guiar\u00e1n la gesti\u00f3n de la administraci\u00f3n municipal del Palmira, Valle del Cauca. Estas est\u00e1n articuladas con los procesos sistem\u00e1ticos de implementaci\u00f3n y materializaci\u00f3n de los objetivos contenidos en los planes de largo, mediano y corto plazo, y se constituyen en una herramienta&hellip;","_links":{"self":[{"href":"https:\/\/palmira.gov.co\/planeacion\/wp-json\/wp\/v2\/pages\/4411","targetHints":{"allow":["GET"]}}],"collection":[{"href":"https:\/\/palmira.gov.co\/planeacion\/wp-json\/wp\/v2\/pages"}],"about":[{"href":"https:\/\/palmira.gov.co\/planeacion\/wp-json\/wp\/v2\/types\/page"}],"author":[{"embeddable":true,"href":"https:\/\/palmira.gov.co\/planeacion\/wp-json\/wp\/v2\/users\/8"}],"replies":[{"embeddable":true,"href":"https:\/\/palmira.gov.co\/planeacion\/wp-json\/wp\/v2\/comments?post=4411"}],"version-history":[{"count":29,"href":"https:\/\/palmira.gov.co\/planeacion\/wp-json\/wp\/v2\/pages\/4411\/revisions"}],"predecessor-version":[{"id":5073,"href":"https:\/\/palmira.gov.co\/planeacion\/wp-json\/wp\/v2\/pages\/4411\/revisions\/5073"}],"wp:attachment":[{"href":"https:\/\/palmira.gov.co\/planeacion\/wp-json\/wp\/v2\/media?parent=4411"}],"curies":[{"name":"wp","href":"https:\/\/api.w.org\/{rel}","templated":true}]}}